{"id":8,"date":"2019-09-27T12:55:38","date_gmt":"2019-09-27T10:55:38","guid":{"rendered":"https:\/\/sviluppo4.exum.eu\/?page_id=8"},"modified":"2024-06-07T09:33:12","modified_gmt":"2024-06-07T07:33:12","slug":"mesmerize-pro","status":"publish","type":"page","link":"https:\/\/amministrazionecondominialetremolada.it\/","title":{"rendered":"Front Page"},"content":{"rendered":"<div  data-label=\"Cta\" data-id=\"cta--6\" data-export-id=\"cta-centered-section-grid\" data-category=\"cta\" class=\"cta-centered-section-grid content-section content-section-spacing-medium bg-color1 white-text content-relative\" id=\"cta-6\" style=\"background-image: none; background-color: rgb(207, 25, 25);\" data-section-ov=\"1\"><div  class=\"gridContainer\"> <div  class=\"row text-center\"><div  class=\"col-xs-12 col-sm-10 col-sm-offset-1 col-md-8 col-md-offset-2\" data-type=\"column\"> <h2  class=\"\">Amministrazione Condominiale Tremolada, Gestione Stabili e Consulenza Immobiliare<\/h2>  <\/div> <\/div><\/div> <\/div><div  data-label=\"CHI SIAMO\" data-id=\"about--1\" data-export-id=\"about-text-image\" data-category=\"about\" class=\"about-text-image content-section content-section-spacing\" id=\"chi-siamo\" style=\"background-color: rgb(245, 250, 253); background-image: none;\"><div  class=\"gridContainer\"> <div  class=\"row\"><div  class=\"col-sm-6 col-padding-small-xs col-sm-padding-large bg-color5 white-text content-col\" data-type=\"column\"> <h5  class=\"\">CHI SIAMO<\/h5> <h2  class=\"\"><span  style=\"font-family: Muli, arial, helvetica, sans-serif; font-weight: 600;\"><span  href=\"#\"><span  style=\"font-weight: 400;\">STUDIO<\/span>\n<br ><span  style=\"font-weight: 900;\">CONDOMUNICO<span  style=\"font-weight: 400;\">,<\/span><\/span><\/span> <span  style=\"font-weight: 400;\">AMMINISTRATORI PROFESSIONISTI<\/span><\/span><\/h2> <p  class=\"\">Modernit\u00e0, efficienza e <span  style=\"font-weight: 700;\">competenza<\/span> sono le qualit\u00e0 che ci contraddistinguono.<br >\n<span  style=\"font-weight: 700;\">Tariffe trasparenti <\/span>e senza sorprese per una <span  style=\"font-weight: 700;\">gestione ottimale<\/span> del Vostro condominio<\/p><\/div> <div  class=\"col-sm-6 flexbox-strech center-xs middle-xs no-gutter-col\"><div  class=\"shadow-large overlap-left-large flexbox middle-xs center-xs right-img\" data-bg=\"image\" style=\"background-image: url(&quot;https:\/\/amministrazionecondominialetremolada.it\/wp-content\/uploads\/2019\/09\/cropped-io-centers-2673323_1280-2.jpg&quot;);\"><\/div><\/div> <\/div><\/div> <\/div><div  data-label=\"Cta\" data-id=\"cta--1\" data-export-id=\"cta-blue-section\" data-category=\"cta\" class=\"cta-blue-section content-section content-section-spacing-medium bg-color1 white-text\" id=\"cta-1\" style=\"background-image: none; background-color: rgb(255, 255, 255);\"><div  class=\"gridContainer\"> <div  class=\"row middle-xs\"><div  class=\"col-sm-8 space-bottom-xs\" data-type=\"column\"> <h2  class=\"\"><span  style=\"color: rgb(52, 58, 64); font-weight: 600;\">RICHIEDI UN PREVENTIVO<\/span><\/h2> <\/div> <div  class=\"col-sm-4 end-sm\" data-type=\"column\"> <a class=\"button big color7\" href=\"https:\/\/amministrazionecondominialetremolada.it?page_id=2\" target=\"_blank\" data-cp-link=\"1\" data-icon=\"\" rel=\"noopener noreferrer\">Contattaci<\/a><\/div> <\/div><\/div> <\/div><div  data-label=\"Why\" data-id=\"features--1\" data-export-id=\"features-13-card-bordered\" data-category=\"features\" class=\"features-13 content-section content-section-spacing content-relative\" id=\"why\" style=\"background-color: rgb(245, 250, 253);\"><div  class=\"gridContainer\"><div  data-section-title-area=\"true\" class=\"row text-center\">   <div  class=\"section-title-col\" data-type=\"column\">       <h2  class=\"\">PERCH\u00c9 SCEGLIERE NOI<\/h2>          <\/div><\/div>  <div  class=\"row spaced-cols content-center-sm\" data-type=\"row\"> <div  class=\"col-sm-4\"> <div  class=\"card bordered y-move\" data-type=\"column\"> <i  class=\"fa icon fa-connectdevelop reverse round big color7\"><\/i> <h4  class=\"\">Moderni<\/h4> <p  class=\"\">Uno Studio informatizzato, sempre aggiornato sulle normative in continuo mutamento e con una visione panoramica sul settore immobiliare.\n<br ><br >\n\n<\/p> <\/div> <\/div> <div  class=\"col-sm-4\"> <div  class=\"card bordered y-move\" data-type=\"column\"> <i  class=\"fa icon fa-copy reverse round big color7\"><\/i> <h4  class=\"\">Trasparenti<\/h4> <p  class=\"\">Servizi, attivit\u00e0 e tariffe chiare e verificabili. Il nostro approccio con i clienti \u00e8 scandito da modalit\u00e0 operative consolidate che ci permettono di essere trasparenti e tempestivi in fatto di comunicazione e rendicontazione.\n<\/p> <\/div> <\/div> <div  class=\"col-sm-4\"> <div  class=\"card bordered y-move\" data-type=\"column\"> <i  class=\"fa icon fa-bolt reverse round big color7\"><\/i> <h4  class=\"\">Efficienti<\/h4> <p  class=\"\">La nostra missione \u00e8 sollevare i condom\u00ecni da ogni incombenza. Lo studio Spazio Casa offre una gestione ottimizzata dell\u2019amministrazione condominiale, garantendo i migliori risultati nel minor tempo possibile.\n<\/p> <\/div> <\/div><\/div> <\/div><\/div><div  data-label=\"I NOSTRI SERVIZI\" data-id=\"features--2\" data-export-id=\"features-12-card-bordered-colored\" data-category=\"features\" class=\"features-12-card-bordered-colored content-section content-section-spacing\" id=\"i-nostri-servizi\" style=\"background-color: rgb(255, 255, 255); background-image: none;\"><div  class=\"gridContainer\"><div  class=\"row text-center\"><div  class=\"section-title-col\" data-type=\"column\"> <h2  class=\"\">COSA OFFRIAMO<\/h2> <\/div> <\/div> <div  class=\"row spaced-cols\" data-type=\"row\"> <div  class=\"col-xs-12 col-sm-6\"> <div  class=\"card row-card bottom-border-color7\"> <div  class=\"row\"> <div  class=\"col-sm-fit icon-column\"> <i  class=\"fa icon fa-calculator bordered round color7\"><\/i> <\/div> <div  class=\"col-sm\" data-type=\"column\"> <h5  class=\"color2\"><span  style=\"color: rgb(207, 25, 25);\">AMMINISTRAZIONE E CONTABILIT\u00c0<\/span><\/h5> <p  class=\"\">Gestione a 360\u00b0: redazione bilanci, resoconti, riparto spese in base alle tabelle millesimali e riscossione delle quote. Disponiamo dei migliori e pi\u00f9 recenti programmi gestionali in grado di offrire trasparenza, puntualit\u00e0 e totale rispetto della privacy.<\/p><\/div> <\/div><\/div> <\/div> <div  class=\"col-xs-12 col-sm-6\"> <div  class=\"card row-card bottom-border-color7\"> <div  class=\"row\"> <div  class=\"col-sm-fit icon-column\"> <i  class=\"fa icon fa-calendar-o bordered round color7\"><\/i> <\/div> <div  class=\"col-sm\" data-type=\"column\"> <h5  class=\"color2\"><span  style=\"color: rgb(207, 25, 25);\">BACHECA CONDOMINIALE<\/span><\/h5> <p  class=\"\">Grazie alla gestione informatizzata, i condomini possono reperire immediatamente e comodamente tutti i documenti e i dati a cui sono interessati. Accedi alla bacheca condominiale per visualizzare i documenti e gli avvisi del tuo condominio.<\/p><\/div> <\/div><\/div> <\/div> <div  class=\"col-xs-12 col-sm-6\"> <div  class=\"card row-card bottom-border-color7\"> <div  class=\"row\"> <div  class=\"col-sm-fit icon-column\"> <i  class=\"fa icon fa-lock bordered round color7\"><\/i> <\/div> <div  class=\"col-sm\" data-type=\"column\"> <h5  class=\"color2\"><span  style=\"color: rgb(207, 25, 25);\">PRIVACY CONDOMINIALE<\/span><\/h5> <p  class=\"\">I dati personali sono sempre al sicuro, grazie alla gestione della privacy condominiale effettuata tramite applicativi efficienti e sicuri. Accedi all\u2019area privacy condominiale per poter scaricare l\u2019informativa condominiale.<\/p><\/div> <\/div><\/div> <\/div> <div  class=\"col-xs-12 col-sm-6\"> <div  class=\"card row-card bottom-border-color7\"> <div  class=\"row\"> <div  class=\"col-sm-fit icon-column\"> <i  class=\"fa icon fa-comments bordered round color7\"><\/i> <\/div> <div  class=\"col-sm\" data-type=\"column\"> <h5  class=\"color2\"><span  style=\"color: rgb(207, 25, 25);\">CONSULENZA LEGALE E FISCALE<\/span><\/h5> <p  class=\"\">Grazie ad un approccio consulenziale, supportiamo i condom\u00ecni degli aspetti fiscali (obblighi, ritenute d\u2019acconto, cessione, trasferimento, affitti e vendite immobili) e legali (tutela degli interessi, rappresentanza).<\/p><\/div> <\/div><\/div> <\/div><div  class=\"col-xs-12 col-sm-6\"> <div  class=\"card row-card bottom-border-color7\"> <div  class=\"row\"> <div  class=\"col-sm-fit icon-column\"> <i  class=\"fa icon fa-home bordered round color7\"><\/i> <\/div> <div  class=\"col-sm\" data-type=\"column\"> <h5  class=\"color2\"><span  style=\"color: rgb(207, 25, 25);\">GESTIONE LOCAZIONE E PATRIMONI IMMOBILIARI<\/span><\/h5> <p  class=\"\">Gestiamo con competenza, perizia e metodo anche gli immobili pi\u00f9 complessi. Il servizio prevede diverse attivit\u00e0, tra cui lo sviluppo immobiliare, la gestione delle compravendite e quella delle locazioni.<\/p><\/div> <\/div><\/div> <\/div><div  class=\"col-xs-12 col-sm-6\"> <div  class=\"card row-card bottom-border-color7\"> <div  class=\"row\"> <div  class=\"col-sm-fit icon-column\"> <i  class=\"fa icon fa-building bordered round color7\"><\/i> <\/div> <div  class=\"col-sm\" data-type=\"column\"> <h5  class=\"color2\"><span  style=\"color: rgb(207, 25, 25);\">PROGETTAZIONE E RISTRUTTURAZIONE IMMOBILI<\/span><\/h5> <p  class=\"\">Lo studio offre inoltre un servizio tecnico professionale su misura, gestendo direttamente le richieste ed avvalendosi della collaborazione di collaboratori esterni, professionisti del settore.\n<\/p><\/div> <\/div><\/div> <\/div><\/div> <\/div><\/div><div  data-label=\"Cta\" data-id=\"cta--5\" data-export-id=\"cta-centered-section-grid\" data-category=\"cta\" class=\"cta-centered-section-grid content-section content-section-spacing-medium bg-color1 white-text\" id=\"cta-5\" style=\"background-image: none; background-color: rgb(207, 25, 25);\"><div  class=\"gridContainer\"> <div  class=\"row text-center\"><div  class=\"col-xs-12 col-sm-10 col-sm-offset-1 col-md-8 col-md-offset-2\" data-type=\"column\"> <h2  class=\"\">Hai una domanda?\n<br >Siamo qui per darti risposte.\n<\/h2>  <a class=\"button big force-shadow color-white white-text outline\" href=\"https:\/\/amministrazionecondominialetremolada.it\/contatti\" target=\"_blank\" data-cp-link=\"1\" data-icon=\"\" rel=\"noopener noreferrer\">Scrivici<\/a><\/div> <\/div><\/div> <\/div><div  data-label=\"Sede\" data-id=\"cta--3\" data-export-id=\"cta-centered-bg-section\" data-category=\"cta\" data-section-ov=\"1\" class=\"cta-centered-bg-section content-section content-section-spacing-medium white-text\" data-parallax-depth=\"20\" id=\"sede\" style=\"background-color: rgb(255, 255, 255); background-image: none;\"><div  class=\"gridContainer\"> <div  class=\"row text-center\"><div  data-type=\"column\" class=\"\">  <h3  class=\"\"><span  style=\"color: rgb(52, 58, 64);\">Sede di Milano: Via Montegani 68<\/span><\/h3><\/div> <\/div><\/div> <\/div><div  data-label=\"Map\" data-id=\"contact--3\" data-export-id=\"contact-4\" data-category=\"contact\" class=\"contact-4 content-section\" id=\"map\" style=\"background-color: rgb(245, 250, 253);\"><div  class=\"\"> <div  class=\"row\"><div  class=\"col-xs-12 no-gutter-col\"> <div  data-content-shortcode=\"mesmerize_maps address=&quot;Via Montegani 68&quot; zoom=&quot;65&quot;\" data-editable=\"true\" class=\"\"><iframe class=\"mesmerize-google-maps mesmerize-frame-map\" src=\"https:\/\/maps.google.com\/maps?q=Via Montegani 68&amp;z=14&amp;t=m&amp;output=embed&amp;iwloc=near\"><\/iframe><\/div><\/div> <\/div><\/div> <\/div><div  data-label=\"Sede\" data-id=\"cta--4\" data-export-id=\"cta-centered-bg-section\" data-category=\"cta\" data-section-ov=\"1\" class=\"cta-centered-bg-section content-section content-section-spacing-medium white-text\" data-parallax-depth=\"20\" id=\"sede-1\" style=\"background-color: rgb(255, 255, 255); background-image: none;\"><div  class=\"gridContainer\"> <div  class=\"row text-center\"><div  data-type=\"column\" class=\"\">  <h3  class=\"\"><span  style=\"font-weight: 600;\"><font  color=\"#3c424f\"><span  style=\"caret-color: rgb(60, 66, 79);\">Ci trovi anche&nbsp;nella sede di  Massa Carrara in Via Firenze 29.<\/span><\/font><\/span><\/h3><div  data-editable=\"true\" data-name=\"ope-widgets-area\" data-content-shortcode=\"mesmerize_display_widgets_area id=&quot;mesmerize_users_custom_widgets_areas_0&quot; \" class=\"\"><div data-name=\"mesmerize-widgets-area\"><div id=\"custom_html-2\" class=\"widget_text widget widget_custom_html\"><div class=\"textwidget custom-html-widget\"><p style=\"display:inline-block;color:#3C424F;vertical-align: middle;\">\r\nSeguici sui nostri canali social: \t\r\n<\/p><div style=\"    display: inline-block;\r\n    margin-left: 10px;\" data-type=\"group\" data-dynamic-mod=\"true\" class=\"social-maps footer-social-icons\">\r\n                      <a target=\"_blank\" class=\"social-icon\" href=\"https:\/\/www.facebook.com\/STUDIOTREMOLADA\/\">\r\n                  <i class=\"fa fa-facebook-official\"><\/i>\r\n              <\/a>\r\n                            <a target=\"_blank\" class=\"social-icon\" href=\"https:\/\/www.instagram.com\/condomunicosrl\/?hl=it\">\r\n                  <i class=\"fa fa-instagram\"><\/i>\r\n              <\/a>\r\n              \r\n    <\/div><\/div><\/div><\/div><\/div><\/div> <\/div><\/div> <\/div><div  data-label=\"Contact\" data-id=\"contact--5\" data-export-id=\"contact-1\" data-category=\"contact\" class=\"contact-1 content-section content-section-spacing white-text\" data-parallax-depth=\"20\" id=\"contact-5\" style=\"background-color: rgb(245, 250, 253); background-image: none;\" data-section-ov=\"1\"><div  class=\"gridContainer\"> <div  class=\"row text-center\"><div  class=\"section-title-col\" data-type=\"column\"><h3  class=\"\"><span  id=\"_mce_caret\" data-mce-bogus=\"1\" data-mce-type=\"format-caret\"><span  style=\"color: rgb(52, 58, 64);\">\ufeffCONTATTACI<\/span><\/span><\/h3>  <\/div> <\/div> <div  class=\"row text-center\"> <div  class=\"col-xs-12 col-sm-8 col-sm-offset-2 contact-form-wrapper inline-info\"> <div  class=\"card large-padding\"> <div  class=\"\" data-content-shortcode=\"mesmerize_contact_form shortcode=&quot;contact-form-7 id=&amp;amp;quot;6&amp;amp;quot; title=&amp;amp;quot;Modulo di contatto 1&amp;amp;quot;&quot;\" data-editable=\"true\"><div role=\"form\" class=\"wpcf7\" id=\"wpcf7-f6-o1\" lang=\"it-IT\" dir=\"ltr\">\n<div class=\"screen-reader-response\"><\/div>\n<form action=\"\/index.php?rest_route=%2Fwp%2Fv2%2Fpages%2F8#wpcf7-f6-o1\" method=\"post\" class=\"wpcf7-form\" novalidate=\"novalidate\">\n<div style=\"display: none;\">\n<input type=\"hidden\" name=\"_wpcf7\" value=\"6\" \/>\n<input type=\"hidden\" name=\"_wpcf7_version\" value=\"5.1.4\" \/>\n<input type=\"hidden\" name=\"_wpcf7_locale\" value=\"it_IT\" \/>\n<input type=\"hidden\" name=\"_wpcf7_unit_tag\" value=\"wpcf7-f6-o1\" \/>\n<input type=\"hidden\" name=\"_wpcf7_container_post\" value=\"0\" \/>\n<\/div>\n<p><label> Nome *<br \/>\n    <span class=\"wpcf7-form-control-wrap your-name\"><input type=\"text\" name=\"your-name\" value=\"\" size=\"40\" class=\"wpcf7-form-control wpcf7-text wpcf7-validates-as-required\" aria-required=\"true\" aria-invalid=\"false\" \/><\/span> <\/label><\/p>\n<p><label> Cognome *<br \/>\n    <span class=\"wpcf7-form-control-wrap your-lastname\"><input type=\"text\" name=\"your-lastname\" value=\"\" size=\"40\" class=\"wpcf7-form-control wpcf7-text wpcf7-validates-as-required\" aria-required=\"true\" aria-invalid=\"false\" \/><\/span> <\/label><\/p>\n<p><label> Sede *<br \/>\n    <span class=\"wpcf7-form-control-wrap include_blank\"><select name=\"include_blank\" class=\"wpcf7-form-control wpcf7-select wpcf7-validates-as-required\" aria-required=\"true\" aria-invalid=\"false\"><option value=\"Milano\">Milano<\/option><option value=\"San Giuliano Milanese\">San Giuliano Milanese<\/option><option value=\"Arese\">Arese<\/option><option value=\"Massa Carrara\">Massa Carrara<\/option><\/select><\/span> <\/label><\/p>\n<p><label> E-mail *<br \/>\n    <span class=\"wpcf7-form-control-wrap your-email\"><input type=\"email\" name=\"your-email\" value=\"\" size=\"40\" class=\"wpcf7-form-control wpcf7-text wpcf7-email wpcf7-validates-as-required wpcf7-validates-as-email\" aria-required=\"true\" aria-invalid=\"false\" \/><\/span> <\/label><\/p>\n<p><label> inserisci il tuo messaggio<br \/>\n    <span class=\"wpcf7-form-control-wrap your-message\"><textarea name=\"your-message\" cols=\"40\" rows=\"10\" class=\"wpcf7-form-control wpcf7-textarea\" aria-invalid=\"false\"><\/textarea><\/span> <\/label><\/p>\n<p><span class=\"wpcf7-form-control-wrap your-consent\"><span class=\"wpcf7-form-control wpcf7-acceptance\"><span class=\"wpcf7-list-item\"><label><input type=\"checkbox\" name=\"your-consent\" value=\"1\" aria-invalid=\"false\" \/><span class=\"wpcf7-list-item-label\">Ho preso visione dell'informativa in materia di <a href=\"https:\/\/amministrazionecondominialetremolada.it\/?page_id=3\">trattamento dei dati personali<\/a><\/span><\/label><\/span><\/span><\/span><\/p>\n<p><label> (* campo obbligatorio)<\/p>\n<p><input type=\"submit\" value=\"INVIA\" class=\"wpcf7-form-control wpcf7-submit\" \/><\/p>\n<div class=\"wpcf7-response-output wpcf7-display-none\"><\/div><\/form><\/div><\/div><\/div> <\/div><\/div> <\/div><\/div>","protected":false},"excerpt":{"rendered":"<p>Amministrazione Condominiale Tremolada, Gestione Stabili e Consulenza Immobiliare CHI SIAMO STUDIO CONDOMUNICO, AMMINISTRATORI PROFESSIONISTI Modernit\u00e0, efficienza e competenza sono le qualit\u00e0 che ci contraddistinguono. Tariffe trasparenti e senza sorprese per una gestione ottimale del Vostro condominio RICHIEDI UN PREVENTIVO Contattaci PERCH\u00c9 SCEGLIERE NOI Moderni Uno Studio informatizzato, sempre aggiornato sulle normative in continuo mutamento e&hellip; <br \/> <a class=\"read-more\" href=\"https:\/\/amministrazionecondominialetremolada.it\/\">Read more<\/a><\/p>\n","protected":false},"author":1,"featured_media":0,"parent":0,"menu_order":0,"comment_status":"closed","ping_status":"closed","template":"page-templates\/homepage.php","meta":{"footnotes":""},"class_list":["post-8","page","type-page","status-publish","hentry"],"_links":{"self":[{"href":"https:\/\/amministrazionecondominialetremolada.it\/index.php?rest_route=\/wp\/v2\/pages\/8","targetHints":{"allow":["GET"]}}],"collection":[{"href":"https:\/\/amministrazionecondominialetremolada.it\/index.php?rest_route=\/wp\/v2\/pages"}],"about":[{"href":"https:\/\/amministrazionecondominialetremolada.it\/index.php?rest_route=\/wp\/v2\/types\/page"}],"author":[{"embeddable":true,"href":"https:\/\/amministrazionecondominialetremolada.it\/index.php?rest_route=\/wp\/v2\/users\/1"}],"replies":[{"embeddable":true,"href":"https:\/\/amministrazionecondominialetremolada.it\/index.php?rest_route=%2Fwp%2Fv2%2Fcomments&post=8"}],"version-history":[{"count":69,"href":"https:\/\/amministrazionecondominialetremolada.it\/index.php?rest_route=\/wp\/v2\/pages\/8\/revisions"}],"predecessor-version":[{"id":476,"href":"https:\/\/amministrazionecondominialetremolada.it\/index.php?rest_route=\/wp\/v2\/pages\/8\/revisions\/476"}],"wp:attachment":[{"href":"https:\/\/amministrazionecondominialetremolada.it\/index.php?rest_route=%2Fwp%2Fv2%2Fmedia&parent=8"}],"curies":[{"name":"wp","href":"https:\/\/api.w.org\/{rel}","templated":true}]}}